{"id":2206,"date":"2023-09-29T08:14:00","date_gmt":"2023-09-29T08:14:00","guid":{"rendered":"https:\/\/dev-website.obsoglobal.com\/cookie-policy\/"},"modified":"2024-08-08T14:22:46","modified_gmt":"2024-08-08T14:22:46","slug":"cookie-policy","status":"publish","type":"page","link":"https:\/\/dev-website.obsoglobal.com\/es\/cookie-policy\/","title":{"rendered":"Pol\u00edtica de cookies"},"content":{"rendered":"<p>Nuestro sitio web coloca cookies que consideramos necesarias para sacar el m\u00e1ximo partido de nuestro sitio web. Las cookies son peque\u00f1os archivos de texto que una p\u00e1gina web coloca en un ordenador, tableta o tel\u00e9fono m\u00f3vil. Estas cookies se utilizan para garantizar que las p\u00e1ginas web de OSBO funcionen correctamente y para supervisar la actividad del sitio. S\u00f3lo utilizamos estos datos de forma agregada, y no pueden ser rastreados hasta un ordenador o individuo. Puede desactivar las cookies a trav\u00e9s de la configuraci\u00f3n de su navegador (es decir, Firefox, Chrome, Safari, etc.).<\/p>\n<p>&nbsp;<\/p>\n<p>A continuaci\u00f3n encontrar\u00e1 una lista de cookies, la funci\u00f3n de la cookie y el tiempo durante el cual una cookie se almacena en su ordenador.<\/p>\n<p>&nbsp;<\/p>\n<p>Google Analytics ( utma, __utmb, __utmc, __utmz): Google Analytics es un servicio anal\u00edtico de web prestado por Google Inc. Estas cookies nos proporcionan informaci\u00f3n sobre la visita a la p\u00e1gina de Internet. Por ejemplo, n\u00famero de visitantes, p\u00e1ginas populares y temas. Esto nos permite adaptar mejor la comunicaci\u00f3n a las necesidades de los visitantes. No podemos ver qui\u00e9n (qu\u00e9 ordenador) visita la p\u00e1gina web. Sin embargo, Google, como proveedor del servicio, s\u00ed puede hacerlo. Encontrar\u00e1 m\u00e1s informaci\u00f3n sobre las cookies de Google Analytics en la p\u00e1gina siguiente. Encontrar\u00e1 m\u00e1s informaci\u00f3n sobre las condiciones de servicio de Google Analytics aqu\u00ed.<\/p>\n","protected":false},"excerpt":{"rendered":"<p>Nuestro sitio web coloca cookies que consideramos necesarias para sacar el m\u00e1ximo partido de nuestro sitio web. Las cookies son peque\u00f1os archivos de texto que una p\u00e1gina web coloca en un ordenador, tableta o tel\u00e9fono m\u00f3vil. Estas cookies se utilizan para garantizar que las p\u00e1ginas web de OSBO funcionen correctamente y para supervisar la actividad [&hellip;]<\/p>\n","protected":false},"author":1,"featured_media":0,"parent":0,"menu_order":0,"comment_status":"closed","ping_status":"closed","template":"","meta":{"_acf_changed":false,"inline_featured_image":false,"_monsterinsights_skip_tracking":false,"_monsterinsights_sitenote_active":false,"_monsterinsights_sitenote_note":"","_monsterinsights_sitenote_category":0,"footnotes":""},"class_list":["post-2206","page","type-page","status-publish","hentry"],"acf":[],"yoast_head":"<!-- This site is optimized with the Yoast SEO plugin v24.1 - https:\/\/yoast.com\/wordpress\/plugins\/seo\/ -->\n<title>Pol\u00edtica de cookies - Obso Automation<\/title>\n<meta name=\"description\" content=\"Nuestro sitio web coloca cookies que consideramos necesarias para sacar el m\u00e1ximo partido de nuestro sitio web. Las cookies son peque\u00f1os archivos de texto que una p\u00e1gina web coloca en un ordenador, tableta o tel\u00e9fono m\u00f3vil. Estas cookies se utilizan para garantizar que las p\u00e1ginas web de OSBO funcionen correctamente y para supervisar la actividad del sitio. S\u00f3lo utilizamos estos datos de forma agregada, y no pueden ser rastreados hasta un ordenador o individuo. Puede desactivar las cookies a trav\u00e9s de la configuraci\u00f3n de su navegador (es decir, Firefox, Chrome, Safari, etc.).  &nbsp;  A continuaci\u00f3n encontrar\u00e1 una lista de cookies, la funci\u00f3n de la cookie y el tiempo durante el cual una cookie se almacena en su ordenador.  &nbsp;  Google Analytics ( utma, __utmb, __utmc, __utmz): Google Analytics es un servicio anal\u00edtico de web prestado por Google Inc. Estas cookies nos proporcionan informaci\u00f3n sobre la visita a la p\u00e1gina de Internet. Por ejemplo, n\u00famero de visitantes, p\u00e1ginas populares y temas. Esto nos permite adaptar mejor la comunicaci\u00f3n a las necesidades de los visitantes. No podemos ver qui\u00e9n (qu\u00e9 ordenador) visita la p\u00e1gina web. Sin embargo, Google, como proveedor del servicio, s\u00ed puede hacerlo. Encontrar\u00e1 m\u00e1s informaci\u00f3n sobre las cookies de Google Analytics en la p\u00e1gina siguiente. Encontrar\u00e1 m\u00e1s informaci\u00f3n sobre las condiciones de servicio de Google Analytics aqu\u00ed.\" \/>\n<meta name=\"robots\" content=\"index, follow, max-snippet:-1, max-image-preview:large, max-video-preview:-1\" \/>\n<link rel=\"canonical\" href=\"https:\/\/dev-website.obsoglobal.com\/es\/cookie-policy\/\" \/>\n<meta property=\"og:locale\" content=\"es_ES\" \/>\n<meta property=\"og:type\" content=\"article\" \/>\n<meta property=\"og:title\" content=\"Pol\u00edtica de cookies - Obso Automation\" \/>\n<meta property=\"og:description\" content=\"Nuestro sitio web coloca cookies que consideramos necesarias para sacar el m\u00e1ximo partido de nuestro sitio web. Las cookies son peque\u00f1os archivos de texto que una p\u00e1gina web coloca en un ordenador, tableta o tel\u00e9fono m\u00f3vil. Estas cookies se utilizan para garantizar que las p\u00e1ginas web de OSBO funcionen correctamente y para supervisar la actividad del sitio. S\u00f3lo utilizamos estos datos de forma agregada, y no pueden ser rastreados hasta un ordenador o individuo. Puede desactivar las cookies a trav\u00e9s de la configuraci\u00f3n de su navegador (es decir, Firefox, Chrome, Safari, etc.).  &nbsp;  A continuaci\u00f3n encontrar\u00e1 una lista de cookies, la funci\u00f3n de la cookie y el tiempo durante el cual una cookie se almacena en su ordenador.  &nbsp;  Google Analytics ( utma, __utmb, __utmc, __utmz): Google Analytics es un servicio anal\u00edtico de web prestado por Google Inc. Estas cookies nos proporcionan informaci\u00f3n sobre la visita a la p\u00e1gina de Internet. Por ejemplo, n\u00famero de visitantes, p\u00e1ginas populares y temas. Esto nos permite adaptar mejor la comunicaci\u00f3n a las necesidades de los visitantes. No podemos ver qui\u00e9n (qu\u00e9 ordenador) visita la p\u00e1gina web. Sin embargo, Google, como proveedor del servicio, s\u00ed puede hacerlo. Encontrar\u00e1 m\u00e1s informaci\u00f3n sobre las cookies de Google Analytics en la p\u00e1gina siguiente. Encontrar\u00e1 m\u00e1s informaci\u00f3n sobre las condiciones de servicio de Google Analytics aqu\u00ed.\" \/>\n<meta property=\"og:url\" content=\"https:\/\/dev-website.obsoglobal.com\/es\/cookie-policy\/\" \/>\n<meta property=\"og:site_name\" content=\"Obso Automation\" \/>\n<meta property=\"article:modified_time\" content=\"2024-08-08T14:22:46+00:00\" \/>\n<meta name=\"twitter:card\" content=\"summary_large_image\" \/>\n<meta name=\"twitter:label1\" content=\"Tiempo de lectura\" \/>\n\t<meta name=\"twitter:data1\" content=\"1 minuto\" \/>\n<script type=\"application\/ld+json\" class=\"yoast-schema-graph\">{\"@context\":\"https:\/\/schema.org\",\"@graph\":[{\"@type\":\"WebPage\",\"@id\":\"https:\/\/dev-website.obsoglobal.com\/es\/cookie-policy\/\",\"url\":\"https:\/\/dev-website.obsoglobal.com\/es\/cookie-policy\/\",\"name\":\"Pol\u00edtica de cookies - Obso Automation\",\"isPartOf\":{\"@id\":\"https:\/\/dev-website.obsoglobal.com\/es\/#website\"},\"datePublished\":\"2023-09-29T08:14:00+00:00\",\"dateModified\":\"2024-08-08T14:22:46+00:00\",\"description\":\"Nuestro sitio web coloca cookies que consideramos necesarias para sacar el m\u00e1ximo partido de nuestro sitio web. Las cookies son peque\u00f1os archivos de texto que una p\u00e1gina web coloca en un ordenador, tableta o tel\u00e9fono m\u00f3vil. Estas cookies se utilizan para garantizar que las p\u00e1ginas web de OSBO funcionen correctamente y para supervisar la actividad del sitio. S\u00f3lo utilizamos estos datos de forma agregada, y no pueden ser rastreados hasta un ordenador o individuo. Puede desactivar las cookies a trav\u00e9s de la configuraci\u00f3n de su navegador (es decir, Firefox, Chrome, Safari, etc.). &nbsp; A continuaci\u00f3n encontrar\u00e1 una lista de cookies, la funci\u00f3n de la cookie y el tiempo durante el cual una cookie se almacena en su ordenador. &nbsp; Google Analytics ( utma, __utmb, __utmc, __utmz): Google Analytics es un servicio anal\u00edtico de web prestado por Google Inc. Estas cookies nos proporcionan informaci\u00f3n sobre la visita a la p\u00e1gina de Internet. Por ejemplo, n\u00famero de visitantes, p\u00e1ginas populares y temas. Esto nos permite adaptar mejor la comunicaci\u00f3n a las necesidades de los visitantes. No podemos ver qui\u00e9n (qu\u00e9 ordenador) visita la p\u00e1gina web. Sin embargo, Google, como proveedor del servicio, s\u00ed puede hacerlo. Encontrar\u00e1 m\u00e1s informaci\u00f3n sobre las cookies de Google Analytics en la p\u00e1gina siguiente. Encontrar\u00e1 m\u00e1s informaci\u00f3n sobre las condiciones de servicio de Google Analytics aqu\u00ed.\",\"breadcrumb\":{\"@id\":\"https:\/\/dev-website.obsoglobal.com\/es\/cookie-policy\/#breadcrumb\"},\"inLanguage\":\"es\",\"potentialAction\":[{\"@type\":\"ReadAction\",\"target\":[\"https:\/\/dev-website.obsoglobal.com\/es\/cookie-policy\/\"]}]},{\"@type\":\"BreadcrumbList\",\"@id\":\"https:\/\/dev-website.obsoglobal.com\/es\/cookie-policy\/#breadcrumb\",\"itemListElement\":[{\"@type\":\"ListItem\",\"position\":1,\"name\":\"Home\",\"item\":\"https:\/\/dev-website.obsoglobal.com\/es\/\"},{\"@type\":\"ListItem\",\"position\":2,\"name\":\"Pol\u00edtica de cookies\"}]},{\"@type\":\"WebSite\",\"@id\":\"https:\/\/dev-website.obsoglobal.com\/es\/#website\",\"url\":\"https:\/\/dev-website.obsoglobal.com\/es\/\",\"name\":\"Obso Automation\",\"description\":\"\",\"publisher\":{\"@id\":\"https:\/\/dev-website.obsoglobal.com\/es\/#organization\"},\"potentialAction\":[{\"@type\":\"SearchAction\",\"target\":{\"@type\":\"EntryPoint\",\"urlTemplate\":\"https:\/\/dev-website.obsoglobal.com\/es\/?s={search_term_string}\"},\"query-input\":{\"@type\":\"PropertyValueSpecification\",\"valueRequired\":true,\"valueName\":\"search_term_string\"}}],\"inLanguage\":\"es\"},{\"@type\":\"Organization\",\"@id\":\"https:\/\/dev-website.obsoglobal.com\/es\/#organization\",\"name\":\"Obso Automation\",\"url\":\"https:\/\/dev-website.obsoglobal.com\/es\/\",\"logo\":{\"@type\":\"ImageObject\",\"inLanguage\":\"es\",\"@id\":\"https:\/\/dev-website.obsoglobal.com\/es\/#\/schema\/logo\/image\/\",\"url\":\"https:\/\/www.obsoautomation.com\/wp-content\/uploads\/2023\/08\/logo-footer.svg\",\"contentUrl\":\"https:\/\/www.obsoautomation.com\/wp-content\/uploads\/2023\/08\/logo-footer.svg\",\"width\":140,\"height\":64,\"caption\":\"Obso Automation\"},\"image\":{\"@id\":\"https:\/\/dev-website.obsoglobal.com\/es\/#\/schema\/logo\/image\/\"}}]}<\/script>\n<!-- \/ Yoast SEO plugin. -->","yoast_head_json":{"title":"Pol\u00edtica de cookies - Obso Automation","description":"Nuestro sitio web coloca cookies que consideramos necesarias para sacar el m\u00e1ximo partido de nuestro sitio web. Las cookies son peque\u00f1os archivos de texto que una p\u00e1gina web coloca en un ordenador, tableta o tel\u00e9fono m\u00f3vil. Estas cookies se utilizan para garantizar que las p\u00e1ginas web de OSBO funcionen correctamente y para supervisar la actividad del sitio. S\u00f3lo utilizamos estos datos de forma agregada, y no pueden ser rastreados hasta un ordenador o individuo. Puede desactivar las cookies a trav\u00e9s de la configuraci\u00f3n de su navegador (es decir, Firefox, Chrome, Safari, etc.).  &nbsp;  A continuaci\u00f3n encontrar\u00e1 una lista de cookies, la funci\u00f3n de la cookie y el tiempo durante el cual una cookie se almacena en su ordenador.  &nbsp;  Google Analytics ( utma, __utmb, __utmc, __utmz): Google Analytics es un servicio anal\u00edtico de web prestado por Google Inc. Estas cookies nos proporcionan informaci\u00f3n sobre la visita a la p\u00e1gina de Internet. Por ejemplo, n\u00famero de visitantes, p\u00e1ginas populares y temas. Esto nos permite adaptar mejor la comunicaci\u00f3n a las necesidades de los visitantes. No podemos ver qui\u00e9n (qu\u00e9 ordenador) visita la p\u00e1gina web. Sin embargo, Google, como proveedor del servicio, s\u00ed puede hacerlo. Encontrar\u00e1 m\u00e1s informaci\u00f3n sobre las cookies de Google Analytics en la p\u00e1gina siguiente. Encontrar\u00e1 m\u00e1s informaci\u00f3n sobre las condiciones de servicio de Google Analytics aqu\u00ed.","robots":{"index":"index","follow":"follow","max-snippet":"max-snippet:-1","max-image-preview":"max-image-preview:large","max-video-preview":"max-video-preview:-1"},"canonical":"https:\/\/dev-website.obsoglobal.com\/es\/cookie-policy\/","og_locale":"es_ES","og_type":"article","og_title":"Pol\u00edtica de cookies - Obso Automation","og_description":"Nuestro sitio web coloca cookies que consideramos necesarias para sacar el m\u00e1ximo partido de nuestro sitio web. Las cookies son peque\u00f1os archivos de texto que una p\u00e1gina web coloca en un ordenador, tableta o tel\u00e9fono m\u00f3vil. Estas cookies se utilizan para garantizar que las p\u00e1ginas web de OSBO funcionen correctamente y para supervisar la actividad del sitio. S\u00f3lo utilizamos estos datos de forma agregada, y no pueden ser rastreados hasta un ordenador o individuo. Puede desactivar las cookies a trav\u00e9s de la configuraci\u00f3n de su navegador (es decir, Firefox, Chrome, Safari, etc.).  &nbsp;  A continuaci\u00f3n encontrar\u00e1 una lista de cookies, la funci\u00f3n de la cookie y el tiempo durante el cual una cookie se almacena en su ordenador.  &nbsp;  Google Analytics ( utma, __utmb, __utmc, __utmz): Google Analytics es un servicio anal\u00edtico de web prestado por Google Inc. Estas cookies nos proporcionan informaci\u00f3n sobre la visita a la p\u00e1gina de Internet. Por ejemplo, n\u00famero de visitantes, p\u00e1ginas populares y temas. Esto nos permite adaptar mejor la comunicaci\u00f3n a las necesidades de los visitantes. No podemos ver qui\u00e9n (qu\u00e9 ordenador) visita la p\u00e1gina web. Sin embargo, Google, como proveedor del servicio, s\u00ed puede hacerlo. Encontrar\u00e1 m\u00e1s informaci\u00f3n sobre las cookies de Google Analytics en la p\u00e1gina siguiente. Encontrar\u00e1 m\u00e1s informaci\u00f3n sobre las condiciones de servicio de Google Analytics aqu\u00ed.","og_url":"https:\/\/dev-website.obsoglobal.com\/es\/cookie-policy\/","og_site_name":"Obso Automation","article_modified_time":"2024-08-08T14:22:46+00:00","twitter_card":"summary_large_image","twitter_misc":{"Tiempo de lectura":"1 minuto"},"schema":{"@context":"https:\/\/schema.org","@graph":[{"@type":"WebPage","@id":"https:\/\/dev-website.obsoglobal.com\/es\/cookie-policy\/","url":"https:\/\/dev-website.obsoglobal.com\/es\/cookie-policy\/","name":"Pol\u00edtica de cookies - Obso Automation","isPartOf":{"@id":"https:\/\/dev-website.obsoglobal.com\/es\/#website"},"datePublished":"2023-09-29T08:14:00+00:00","dateModified":"2024-08-08T14:22:46+00:00","description":"Nuestro sitio web coloca cookies que consideramos necesarias para sacar el m\u00e1ximo partido de nuestro sitio web. Las cookies son peque\u00f1os archivos de texto que una p\u00e1gina web coloca en un ordenador, tableta o tel\u00e9fono m\u00f3vil. Estas cookies se utilizan para garantizar que las p\u00e1ginas web de OSBO funcionen correctamente y para supervisar la actividad del sitio. S\u00f3lo utilizamos estos datos de forma agregada, y no pueden ser rastreados hasta un ordenador o individuo. Puede desactivar las cookies a trav\u00e9s de la configuraci\u00f3n de su navegador (es decir, Firefox, Chrome, Safari, etc.). &nbsp; A continuaci\u00f3n encontrar\u00e1 una lista de cookies, la funci\u00f3n de la cookie y el tiempo durante el cual una cookie se almacena en su ordenador. &nbsp; Google Analytics ( utma, __utmb, __utmc, __utmz): Google Analytics es un servicio anal\u00edtico de web prestado por Google Inc. Estas cookies nos proporcionan informaci\u00f3n sobre la visita a la p\u00e1gina de Internet. Por ejemplo, n\u00famero de visitantes, p\u00e1ginas populares y temas. Esto nos permite adaptar mejor la comunicaci\u00f3n a las necesidades de los visitantes. No podemos ver qui\u00e9n (qu\u00e9 ordenador) visita la p\u00e1gina web. Sin embargo, Google, como proveedor del servicio, s\u00ed puede hacerlo. Encontrar\u00e1 m\u00e1s informaci\u00f3n sobre las cookies de Google Analytics en la p\u00e1gina siguiente. Encontrar\u00e1 m\u00e1s informaci\u00f3n sobre las condiciones de servicio de Google Analytics aqu\u00ed.","breadcrumb":{"@id":"https:\/\/dev-website.obsoglobal.com\/es\/cookie-policy\/#breadcrumb"},"inLanguage":"es","potentialAction":[{"@type":"ReadAction","target":["https:\/\/dev-website.obsoglobal.com\/es\/cookie-policy\/"]}]},{"@type":"BreadcrumbList","@id":"https:\/\/dev-website.obsoglobal.com\/es\/cookie-policy\/#breadcrumb","itemListElement":[{"@type":"ListItem","position":1,"name":"Home","item":"https:\/\/dev-website.obsoglobal.com\/es\/"},{"@type":"ListItem","position":2,"name":"Pol\u00edtica de cookies"}]},{"@type":"WebSite","@id":"https:\/\/dev-website.obsoglobal.com\/es\/#website","url":"https:\/\/dev-website.obsoglobal.com\/es\/","name":"Obso Automation","description":"","publisher":{"@id":"https:\/\/dev-website.obsoglobal.com\/es\/#organization"},"potentialAction":[{"@type":"SearchAction","target":{"@type":"EntryPoint","urlTemplate":"https:\/\/dev-website.obsoglobal.com\/es\/?s={search_term_string}"},"query-input":{"@type":"PropertyValueSpecification","valueRequired":true,"valueName":"search_term_string"}}],"inLanguage":"es"},{"@type":"Organization","@id":"https:\/\/dev-website.obsoglobal.com\/es\/#organization","name":"Obso Automation","url":"https:\/\/dev-website.obsoglobal.com\/es\/","logo":{"@type":"ImageObject","inLanguage":"es","@id":"https:\/\/dev-website.obsoglobal.com\/es\/#\/schema\/logo\/image\/","url":"https:\/\/www.obsoautomation.com\/wp-content\/uploads\/2023\/08\/logo-footer.svg","contentUrl":"https:\/\/www.obsoautomation.com\/wp-content\/uploads\/2023\/08\/logo-footer.svg","width":140,"height":64,"caption":"Obso Automation"},"image":{"@id":"https:\/\/dev-website.obsoglobal.com\/es\/#\/schema\/logo\/image\/"}}]}},"_links":{"self":[{"href":"https:\/\/dev-website.obsoglobal.com\/es\/wp-json\/wp\/v2\/pages\/2206","targetHints":{"allow":["GET"]}}],"collection":[{"href":"https:\/\/dev-website.obsoglobal.com\/es\/wp-json\/wp\/v2\/pages"}],"about":[{"href":"https:\/\/dev-website.obsoglobal.com\/es\/wp-json\/wp\/v2\/types\/page"}],"author":[{"embeddable":true,"href":"https:\/\/dev-website.obsoglobal.com\/es\/wp-json\/wp\/v2\/users\/1"}],"replies":[{"embeddable":true,"href":"https:\/\/dev-website.obsoglobal.com\/es\/wp-json\/wp\/v2\/comments?post=2206"}],"version-history":[{"count":2,"href":"https:\/\/dev-website.obsoglobal.com\/es\/wp-json\/wp\/v2\/pages\/2206\/revisions"}],"predecessor-version":[{"id":685165,"href":"https:\/\/dev-website.obsoglobal.com\/es\/wp-json\/wp\/v2\/pages\/2206\/revisions\/685165"}],"wp:attachment":[{"href":"https:\/\/dev-website.obsoglobal.com\/es\/wp-json\/wp\/v2\/media?parent=2206"}],"curies":[{"name":"wp","href":"https:\/\/api.w.org\/{rel}","templated":true}]}}